{"id":1093,"date":"2021-01-08T13:21:38","date_gmt":"2021-01-08T12:21:38","guid":{"rendered":"https:\/\/warsztatywitalne.pl\/?page_id=1093"},"modified":"2024-03-12T07:58:23","modified_gmt":"2024-03-12T05:58:23","slug":"o-mnie","status":"publish","type":"page","link":"https:\/\/warsztatywitalne.pl\/index.php\/o-mnie\/","title":{"rendered":"O mnie"},"content":{"rendered":"<div data-colibri-id=\"1093-c1\" class=\"style-283 style-local-1093-c1 position-relative\">\r\n  <!---->\r\n  <div data-colibri-component=\"section\" data-colibri-id=\"1093-c2\" id=\"custom\" class=\"h-section h-section-global-spacing d-flex align-items-lg-center align-items-md-center align-items-center style-284 style-local-1093-c2 position-relative\">\r\n    <!---->\r\n    <!---->\r\n    <div class=\"h-section-grid-container h-section-boxed-container\">\r\n      <!---->\r\n      <div data-colibri-id=\"1093-c3\" class=\"h-row-container gutters-row-lg-2 gutters-row-md-2 gutters-row-0 gutters-row-v-lg-2 gutters-row-v-md-2 gutters-row-v-2 style-285 style-local-1093-c3 position-relative\">\r\n        <!---->\r\n        <div class=\"h-row justify-content-lg-center justify-content-md-center justify-content-center align-items-lg-stretch align-items-md-stretch align-items-stretch gutters-col-lg-2 gutters-col-md-2 gutters-col-0 gutters-col-v-lg-2 gutters-col-v-md-2 gutters-col-v-2\">\r\n          <!---->\r\n          <div class=\"h-column h-column-container d-flex h-col-lg-auto h-col-md-auto h-col-auto style-286-outer style-local-1093-c4-outer\">\r\n            <div data-colibri-id=\"1093-c4\" class=\"d-flex h-flex-basis h-column__inner h-px-lg-3 h-px-md-3 h-px-3 v-inner-lg-3 v-inner-md-3 v-inner-3 style-286 style-local-1093-c4 position-relative\">\r\n              <!---->\r\n              <!---->\r\n              <div class=\"w-100 h-y-container h-column__content h-column__v-align flex-basis-100 align-self-lg-center align-self-md-center align-self-center\">\r\n                <!---->\r\n                <div data-colibri-id=\"1093-c5\" class=\"h-global-transition-all h-heading style-287 style-local-1093-c5 position-relative h-element\">\r\n                  <!---->\r\n                  <div class=\"h-heading__outer style-287 style-local-1093-c5\">\r\n                    <!---->\r\n                    <!---->\r\n                    <h1 class=\"\">O mnie<\/h1>\r\n                  <\/div>\r\n                <\/div>\r\n              <\/div>\r\n            <\/div>\r\n          <\/div>\r\n        <\/div>\r\n      <\/div>\r\n    <\/div>\r\n  <\/div>\r\n  <div data-colibri-component=\"section\" data-colibri-id=\"1093-c6\" id=\"about\" class=\"h-section h-section-global-spacing d-flex align-items-lg-center align-items-md-center align-items-center style-291 style-local-1093-c6 position-relative\">\r\n    <!---->\r\n    <!---->\r\n    <div class=\"h-section-grid-container h-section-boxed-container\">\r\n      <!---->\r\n      <div data-colibri-id=\"1093-c7\" class=\"h-row-container gutters-row-lg-0 gutters-row-md-0 gutters-row-0 gutters-row-v-lg-0 gutters-row-v-md-0 gutters-row-v-0 style-292 style-local-1093-c7 position-relative\">\r\n        <!---->\r\n        <div class=\"h-row justify-content-lg-center justify-content-md-center justify-content-center align-items-lg-stretch align-items-md-stretch align-items-stretch gutters-col-lg-0 gutters-col-md-0 gutters-col-0 gutters-col-v-lg-0 gutters-col-v-md-0 gutters-col-v-0\">\r\n          <!---->\r\n          <div class=\"h-column h-column-container d-flex h-col-lg-auto h-col-md-auto h-col-auto style-293-outer style-local-1093-c8-outer\">\r\n            <div data-colibri-id=\"1093-c8\" class=\"d-flex h-flex-basis h-column__inner h-px-lg-0 h-px-md-0 h-px-0 v-inner-lg-0 v-inner-md-0 v-inner-0 style-293 style-local-1093-c8 position-relative\">\r\n              <!---->\r\n              <!---->\r\n              <div class=\"w-100 h-y-container h-column__content h-column__v-align flex-basis-100 align-self-lg-start align-self-md-start align-self-start\">\r\n                <!---->\r\n                <div data-colibri-id=\"1093-c9\" class=\"h-global-transition-all h-heading style-295 style-local-1093-c9 position-relative h-element\">\r\n                  <!---->\r\n                  <div class=\"h-heading__outer style-295 style-local-1093-c9\">\r\n                    <!---->\r\n                    <!---->\r\n                    <h2 class=\"\">\u015acie\u017cka\r\n                      <br>Do Witalno\u015bci<\/h2>\r\n                  <\/div>\r\n                <\/div>\r\n                <div data-colibri-id=\"1093-c10\" class=\"h-text h-text-component style-296 style-local-1093-c10 position-relative h-element\">\r\n                  <!---->\r\n                  <!---->\r\n                  <div class=\"\">\r\n                    <p>\r\n                      <br>\r\n                    <\/p>\r\n                    <p>Prowadz\u0119 Warsztaty Witalne dla kobiet i m\u0119\u017cczyzn.<\/p>\r\n                    <p>Je\u017celi masz ochot\u0119 \u017cy\u0107 w pe\u0142ni. Je\u017celi masz chcesz ulepszy\u0107 swoj\u0105 codzienno\u015b\u0107.<\/p>\r\n                    <p>Podziel\u0119 si\u0119 z Tob\u0105 sprawdzonymi metodami dost\u0119pu do \u017cywotno\u015bci, wigoru i pasji.<\/p>\r\n                    <p>Witalno\u015b\u0107 to dla mnie stan bycia w swojej mocy, aktywno\u015bci i energii.<\/p>\r\n                    <p>To droga do samego siebie w najwy\u017cszej dost\u0119pnej jako\u015bci.<\/p>\r\n                    <p>Wraz ze mn\u0105 odzyskasz i dowiesz si\u0119 jak utrzyma\u0107 dobr\u0105 form\u0119 na d\u0142ugo lub na zawsze.<\/p>\r\n                    <p>Razem przywo\u0142amy witalno\u015b\u0107, ustawimy emocjonalny GPS na rado\u015b\u0107 i zadbamy o energetyczn\u0105 stabilno\u015b\u0107.<\/p>\r\n                    <p>Utrzymuj dobr\u0105 form\u0119 zamiast j\u0105 odzyskiwa\u0107!<\/p>\r\n                    <p>\r\n                      <br>\r\n                    <\/p>\r\n                  <\/div>\r\n                <\/div>\r\n                <div data-colibri-id=\"1093-c11\" class=\"h-text h-text-component style-422 style-local-1093-c11 position-relative h-element\">\r\n                  <!---->\r\n                  <!---->\r\n                  <div class=\"\">\r\n                    <p>Fot. Daria Olzacka&nbsp;<\/p>\r\n                  <\/div>\r\n                <\/div>\r\n              <\/div>\r\n            <\/div>\r\n          <\/div>\r\n          <div class=\"h-column h-column-container d-flex h-col-lg-auto h-col-md-auto h-col-auto style-297-outer style-local-1093-c12-outer\">\r\n            <div data-colibri-id=\"1093-c12\" class=\"d-flex h-flex-basis h-column__inner h-ui-empty-state-container h-px-lg-2 h-px-md-2 h-px-2 v-inner-lg-2 v-inner-md-2 v-inner-2 style-297 style-local-1093-c12 position-relative\">\r\n              <!---->\r\n              <!---->\r\n              <div class=\"w-100 h-y-container h-column__content h-column__v-align flex-basis-100\">\r\n                <!---->\r\n              <\/div>\r\n            <\/div>\r\n          <\/div>\r\n        <\/div>\r\n      <\/div>\r\n    <\/div>\r\n  <\/div>\r\n  <div data-colibri-component=\"section\" data-colibri-id=\"1093-c13\" id=\"about-2\" class=\"h-section h-section-global-spacing d-flex align-items-lg-center align-items-md-center align-items-center style-312 style-local-1093-c13 position-relative\">\r\n    <!---->\r\n    <!---->\r\n    <div class=\"h-section-grid-container h-section-boxed-container\">\r\n      <!---->\r\n      <div data-colibri-id=\"1093-c14\" class=\"h-row-container gutters-row-lg-0 gutters-row-md-0 gutters-row-0 gutters-row-v-lg-0 gutters-row-v-md-0 gutters-row-v-0 style-313 style-local-1093-c14 position-relative\">\r\n        <!---->\r\n        <div class=\"h-row justify-content-lg-center justify-content-md-center justify-content-center align-items-lg-stretch align-items-md-stretch align-items-stretch gutters-col-lg-0 gutters-col-md-0 gutters-col-0 gutters-col-v-lg-0 gutters-col-v-md-0 gutters-col-v-0\">\r\n          <!---->\r\n          <div class=\"h-column h-column-container d-flex h-col-lg-auto h-col-md-auto h-col-auto style-314-outer style-local-1093-c15-outer\">\r\n            <div data-colibri-id=\"1093-c15\" class=\"d-flex h-flex-basis h-column__inner h-ui-empty-state-container h-px-lg-0 h-px-md-0 h-px-0 v-inner-lg-0 v-inner-md-0 v-inner-0 style-314 style-local-1093-c15 position-relative\">\r\n              <!---->\r\n              <!---->\r\n              <div class=\"w-100 h-y-container h-column__content h-column__v-align flex-basis-100\">\r\n                <!---->\r\n              <\/div>\r\n            <\/div>\r\n          <\/div>\r\n          <div class=\"h-column h-column-container d-flex h-col-lg-auto h-col-md-auto h-col-auto style-315-outer style-local-1093-c16-outer\">\r\n            <div data-colibri-id=\"1093-c16\" class=\"d-flex h-flex-basis h-column__inner h-px-lg-2 h-px-md-2 h-px-2 v-inner-lg-2 v-inner-md-2 v-inner-2 style-315 style-local-1093-c16 position-relative\">\r\n              <!---->\r\n              <!---->\r\n              <div class=\"w-100 h-y-container h-column__content h-column__v-align flex-basis-100 align-self-lg-start align-self-md-start align-self-start\">\r\n                <!---->\r\n                <div data-colibri-id=\"1093-c17\" class=\"h-text h-text-component style-318 style-local-1093-c17 position-relative h-element\">\r\n                  <!---->\r\n                  <!---->\r\n                  <div class=\"\">\r\n                    <p>\r\n                      <br>\r\n                    <\/p>\r\n                    <p>\u017bycie jest wielowymiarowe i mamy wp\u0142yw na nasze my\u015bli, reakcje, samopoczucie i zdrowie.<\/p>\r\n                    <p>Jestem nauczycielk\u0105 jogi, propagatork\u0105 prozdrowotnych technik, wspieraj\u0105cych nasz \u017cyciowy dobrostan. Podczas zaj\u0119\u0107 i warsztat\u00f3w swobodnie \u0142\u0105cz\u0119 r\u00f3\u017cne style jogi z technikami poprawiaj\u0105cymi energetyk\u0119 cia\u0142a. Specjalizuj\u0119 si\u0119 w medytacjach\r\n                      i relaksacjach. Pasjonuje mnie rozw\u00f3j osobisty i poszerzanie \u015bwiadomo\u015bci. Moimi nauczycielami s\u0105 Adam Krasowski, Eckhart Tolle, dr Joe Dispenza, Tomasz Zieli\u0144ski, Klaudia Pingot, Eliza Sarna. Alexander Poraj-\u017bakiej. Obecnie moj\u0105\r\n                      \u015bcie\u017ck\u0105 rozwoju umiejetno\u015bci pracy z cia\u0142em i rozwoju \u015bwiadomo\u015bci jest ISM \u2013 Medytacja, Przes\u0142anie i Ruch Wewn\u0119trznej Przestrzeni wraz z Integraln\u0105 Metod\u0105 Somatyczn\u0105 \u2013 pod przewodnictwem Mistrza Yu i SooJin.<\/p>\r\n                    <p>\r\n                      <br>\r\n                    <\/p>\r\n                    <p>\r\n                      <br>\r\n                    <\/p>\r\n                  <\/div>\r\n                <\/div>\r\n              <\/div>\r\n            <\/div>\r\n          <\/div>\r\n        <\/div>\r\n      <\/div>\r\n    <\/div>\r\n  <\/div>\r\n  <div data-colibri-component=\"section\" data-colibri-id=\"1093-c18\" id=\"about-3\" class=\"h-section h-section-global-spacing d-flex align-items-lg-center align-items-md-center align-items-center style-319 style-local-1093-c18 position-relative\">\r\n    <!---->\r\n    <!---->\r\n    <div class=\"h-section-grid-container h-section-boxed-container\">\r\n      <!---->\r\n      <div data-colibri-id=\"1093-c19\" class=\"h-row-container gutters-row-lg-0 gutters-row-md-0 gutters-row-0 gutters-row-v-lg-0 gutters-row-v-md-0 gutters-row-v-0 style-320 style-local-1093-c19 position-relative\">\r\n        <!---->\r\n        <div class=\"h-row justify-content-lg-center justify-content-md-center justify-content-center align-items-lg-stretch align-items-md-stretch align-items-stretch gutters-col-lg-0 gutters-col-md-0 gutters-col-0 gutters-col-v-lg-0 gutters-col-v-md-0 gutters-col-v-0\">\r\n          <!---->\r\n          <div class=\"h-column h-column-container d-flex h-col-lg-auto h-col-md-auto h-col-auto style-321-outer style-local-1093-c20-outer\">\r\n            <div data-colibri-id=\"1093-c20\" class=\"d-flex h-flex-basis h-column__inner h-px-lg-0 h-px-md-0 h-px-0 v-inner-lg-0 v-inner-md-0 v-inner-0 style-321 style-local-1093-c20 position-relative\">\r\n              <!---->\r\n              <!---->\r\n              <div class=\"w-100 h-y-container h-column__content h-column__v-align flex-basis-100 align-self-lg-start align-self-md-start align-self-start\">\r\n                <!---->\r\n                <div data-colibri-id=\"1093-c21\" class=\"h-global-transition-all h-heading style-323 style-local-1093-c21 position-relative h-element\">\r\n                  <!---->\r\n                  <div class=\"h-heading__outer style-323 style-local-1093-c21\">\r\n                    <!---->\r\n                    <!---->\r\n                    <h2 class=\"\">Moje pasje<\/h2>\r\n                  <\/div>\r\n                <\/div>\r\n                <div data-colibri-id=\"1093-c22\" class=\"h-text h-text-component style-324 style-local-1093-c22 position-relative h-element\">\r\n                  <!---->\r\n                  <!---->\r\n                  <div class=\"\">\r\n                    <p>Tyle wiemy o sobie, ile pozwolimy sobie do\u015bwiadczy\u0107. Kiedy kilka lat temu rozpocz\u0119\u0142am przygod\u0119 z bieganiem, rozpocz\u0119\u0142am tak naprawd\u0119 nowy rozdzia\u0142.<\/p>\r\n                    <p>Je\u015bli szukasz aktywno\u015bci dla siebie, po prostu sprawdzaj, podejmuj r\u00f3\u017cne wyzwania. Daj sobie czas&nbsp;i wytrwaj w swoich postanowieniach. Moje pierwsze kr\u00f3tkie i zasapane przebie\u017cki, doprowadzi\u0142y do d\u0142u\u017cszych dystans\u00f3w i bieg\u00f3w g\u00f3rskich.\r\n                      Przede wszystkim jednak pozna\u0142am siebie, przekona\u0142am si\u0119, \u017ce mog\u0119 znacznie wi\u0119cej. Mam wspania\u0142ych przyjaci\u00f3\u0142 i odwiedzi\u0142am wiele ciekawych miejsc. Znacznie poszerzy\u0142am granice komfortu i mam apetyt na wi\u0119cej.<\/p>\r\n                    <p>Moje poszukiwania doprowadzi\u0142y mnie do zimnej wody. Mam ponad 5-letnie do\u015bwiadczenie z morsowaniem i wp\u0142ywem zimna na zdrowie. Przep\u0142yn\u0119\u0142am Wart\u0119 zim\u0105.<\/p>\r\n                    <p>Ponad 2 lat systematycznie praktykuj\u0119 i popularyzuj\u0119 metod\u0119 oddechow\u0105 WHM oraz ekspozycj\u0119 na zimno. Uko\u0144czy\u0142am 10 tygodniowy kurs &#8220;Fundamentals&#8221; Wima Hofa.<\/p>\r\n                    <p>Co niedziel\u0119 wsp\u00f3lnie z m\u0119\u017cem prowadzimy morsowanie w Lednog\u00f3rze. Zapraszam na fb: Ma\u0142go\u015b_morsuje.<\/p>\r\n                  <\/div>\r\n                <\/div>\r\n              <\/div>\r\n            <\/div>\r\n          <\/div>\r\n          <div class=\"h-column h-column-container d-flex h-col-lg-auto h-col-md-auto h-col-auto style-325-outer style-local-1093-c23-outer\">\r\n            <div data-colibri-id=\"1093-c23\" class=\"d-flex h-flex-basis h-column__inner h-ui-empty-state-container h-px-lg-2 h-px-md-2 h-px-2 v-inner-lg-2 v-inner-md-2 v-inner-2 style-325 style-local-1093-c23 position-relative\">\r\n              <!---->\r\n              <!---->\r\n              <div class=\"w-100 h-y-container h-column__content h-column__v-align flex-basis-100\">\r\n                <!---->\r\n              <\/div>\r\n            <\/div>\r\n          <\/div>\r\n        <\/div>\r\n      <\/div>\r\n    <\/div>\r\n  <\/div>\r\n  <div data-colibri-component=\"section\" data-colibri-id=\"1093-c24\" id=\"about-4\" class=\"h-section h-section-global-spacing d-flex align-items-lg-center align-items-md-center align-items-center style-326 style-local-1093-c24 position-relative\">\r\n    <!---->\r\n    <!---->\r\n    <div class=\"h-section-grid-container h-section-boxed-container\">\r\n      <!---->\r\n      <div data-colibri-id=\"1093-c25\" class=\"h-row-container gutters-row-lg-0 gutters-row-md-0 gutters-row-0 gutters-row-v-lg-0 gutters-row-v-md-0 gutters-row-v-0 style-327 style-local-1093-c25 position-relative\">\r\n        <!---->\r\n        <div class=\"h-row justify-content-lg-center justify-content-md-center justify-content-center align-items-lg-stretch align-items-md-stretch align-items-stretch gutters-col-lg-0 gutters-col-md-0 gutters-col-0 gutters-col-v-lg-0 gutters-col-v-md-0 gutters-col-v-0\">\r\n          <!---->\r\n          <div class=\"h-column h-column-container d-flex h-col-lg-auto h-col-md-auto h-col-auto style-328-outer style-local-1093-c26-outer\">\r\n            <div data-colibri-id=\"1093-c26\" class=\"d-flex h-flex-basis h-column__inner h-ui-empty-state-container h-px-lg-0 h-px-md-0 h-px-0 v-inner-lg-0 v-inner-md-0 v-inner-0 style-328 style-local-1093-c26 position-relative\">\r\n              <!---->\r\n              <!---->\r\n              <div class=\"w-100 h-y-container h-column__content h-column__v-align flex-basis-100\">\r\n                <!---->\r\n              <\/div>\r\n            <\/div>\r\n          <\/div>\r\n          <div class=\"h-column h-column-container d-flex h-col-lg-auto h-col-md-auto h-col-auto style-329-outer style-local-1093-c27-outer\">\r\n            <div data-colibri-id=\"1093-c27\" class=\"d-flex h-flex-basis h-column__inner h-px-lg-2 h-px-md-2 h-px-2 v-inner-lg-2 v-inner-md-2 v-inner-2 style-329 style-local-1093-c27 position-relative\">\r\n              <!---->\r\n              <!---->\r\n              <div class=\"w-100 h-y-container h-column__content h-column__v-align flex-basis-100 align-self-lg-start align-self-md-start align-self-start\">\r\n                <!---->\r\n                <div data-colibri-id=\"1093-c28\" class=\"h-global-transition-all h-heading style-331 style-local-1093-c28 position-relative h-element\">\r\n                  <!---->\r\n                  <div class=\"h-heading__outer style-331 style-local-1093-c28\">\r\n                    <!---->\r\n                    <!---->\r\n                    <h2 class=\"\">Droga\r\n                      <br>do szcz\u0119\u015bcia<\/h2>\r\n                  <\/div>\r\n                <\/div>\r\n                <div data-colibri-id=\"1093-c29\" class=\"h-text h-text-component style-332 style-local-1093-c29 position-relative h-element\">\r\n                  <!---->\r\n                  <!---->\r\n                  <div class=\"\">\r\n                    <p>Moim najwi\u0119kszym marzeniem by\u0142o stworzenie szcz\u0119\u015bliwej rodziny. Przestrzeni dla przyja\u017ani, wzajemnej uwa\u017cno\u015bci i dobrej zabawy.&nbsp;<\/p>\r\n                    <p>Od 33 lat tworz\u0119 wspania\u0142y zwi\u0105zek z M\u0119\u017cczyzn\u0105 mojego \u017bycia.<\/p>\r\n                    <p>Jestem szcz\u0119\u015bliw\u0105 mam\u0105 dw\u00f3ch syn\u00f3w.<\/p>\r\n                    <p>Sekretem utrzymania wzajemnej fascynacji i sympatii jest codzienna dba\u0142o\u015b\u0107. Czy zawsze jest \u0142atwo? Nie, ale zawsze warto. To niesamowita przygoda by\u0107 razem przez trzy dekady i odkrywa\u0107 siebie na nowo. Mam wra\u017cenie, \u017ce w jednym \u017cyciu\r\n                      mamy ju\u017c kilka edycji w zupe\u0142nie innej scenografii. Jestem ciekawa kolejnych zwrot\u00f3w akcji, bo jedyne co pewne, to zmiany. Ziemska szko\u0142a jest miejscem niesamowitych lekcji i wymaga od nas elastyczno\u015bci i adaptacji.<\/p>\r\n                  <\/div>\r\n                <\/div>\r\n              <\/div>\r\n            <\/div>\r\n          <\/div>\r\n        <\/div>\r\n      <\/div>\r\n    <\/div>\r\n  <\/div>\r\n  <div data-colibri-component=\"section\" data-colibri-id=\"1093-c30\" id=\"about-5\" class=\"h-section h-section-global-spacing d-flex align-items-lg-center align-items-md-center align-items-center style-401 style-local-1093-c30 position-relative\">\r\n    <!---->\r\n    <!---->\r\n    <div class=\"h-section-grid-container h-section-boxed-container\">\r\n      <!---->\r\n      <div data-colibri-id=\"1093-c31\" class=\"h-row-container gutters-row-lg-0 gutters-row-md-0 gutters-row-0 gutters-row-v-lg-0 gutters-row-v-md-0 gutters-row-v-0 style-402 style-local-1093-c31 position-relative\">\r\n        <!---->\r\n        <div class=\"h-row justify-content-lg-center justify-content-md-center justify-content-center align-items-lg-stretch align-items-md-stretch align-items-stretch gutters-col-lg-0 gutters-col-md-0 gutters-col-0 gutters-col-v-lg-0 gutters-col-v-md-0 gutters-col-v-0\">\r\n          <!---->\r\n          <div class=\"h-column h-column-container d-flex h-col-lg-auto h-col-md-auto h-col-auto style-403-outer style-local-1093-c32-outer\">\r\n            <div data-colibri-id=\"1093-c32\" class=\"d-flex h-flex-basis h-column__inner h-px-lg-0 h-px-md-0 h-px-0 v-inner-lg-0 v-inner-md-0 v-inner-0 style-403 style-local-1093-c32 position-relative\">\r\n              <!---->\r\n              <!---->\r\n              <div class=\"w-100 h-y-container h-column__content h-column__v-align flex-basis-100 align-self-lg-start align-self-md-start align-self-start\">\r\n                <!---->\r\n                <div data-colibri-id=\"1093-c33\" class=\"h-global-transition-all h-heading style-405 style-local-1093-c33 position-relative h-element\">\r\n                  <!---->\r\n                  <div class=\"h-heading__outer style-405 style-local-1093-c33\">\r\n                    <!---->\r\n                    <!---->\r\n                    <h2 class=\"\">Klucz\r\n                      <br> do obfito\u015bci<\/h2>\r\n                  <\/div>\r\n                <\/div>\r\n                <div data-colibri-id=\"1093-c34\" class=\"h-text h-text-component style-406 style-local-1093-c34 position-relative h-element\">\r\n                  <!---->\r\n                  <!---->\r\n                  <div class=\"\">\r\n                    <p>\r\n                      <br>\r\n                    <\/p>\r\n                    <p>Jestem kobiet\u0105 przedsi\u0119biorcz\u0105. Wszystkie zawodowe projekty tworz\u0119, aby dawa\u0142y warto\u015b\u0107 i s\u0142u\u017cy\u0142y ludziom.<\/p>\r\n                    <p>\r\n                      <br>\r\n                    <\/p>\r\n                    <p>Przez wiele lat zajmowa\u0142am si\u0119 sprzeda\u017c\u0105. Rozwin\u0119\u0142am umiej\u0119tno\u015b\u0107 wsp\u00f3\u0142pracy i nawi\u0105zywania relacji. Ci\u0105gle si\u0119 ucz\u0119 i szukam nowych mo\u017cliwo\u015bci.<\/p>\r\n                    <p>\r\n                      <br>\r\n                    <\/p>\r\n                    <p>Daj\u0119 codziennie \u015bwiadectwo, \u017ce mo\u017cna harmonijnie \u0142\u0105czy\u0107 wiele pasji i \u015bcie\u017cek zawodowych.<\/p>\r\n                    <p>\r\n                      <br>\r\n                    <\/p>\r\n                    <p>\r\n                      <br>\r\n                    <\/p>\r\n                  <\/div>\r\n                <\/div>\r\n                <div data-colibri-id=\"1093-c36\" class=\"h-text h-text-component style-423 style-local-1093-c36 position-relative h-element\">\r\n                  <!---->\r\n                  <!---->\r\n                  <div class=\"\">\r\n                    <p>Fot. Daria Olzacka<\/p>\r\n                  <\/div>\r\n                <\/div>\r\n              <\/div>\r\n            <\/div>\r\n          <\/div>\r\n          <div class=\"h-column h-column-container d-flex h-col-lg-auto h-col-md-auto h-col-auto style-407-outer style-local-1093-c35-outer\">\r\n            <div data-colibri-id=\"1093-c35\" class=\"d-flex h-flex-basis h-column__inner h-ui-empty-state-container h-px-lg-2 h-px-md-2 h-px-2 v-inner-lg-2 v-inner-md-2 v-inner-2 style-407 style-local-1093-c35 position-relative\">\r\n              <!---->\r\n              <!---->\r\n              <div class=\"w-100 h-y-container h-column__content h-column__v-align flex-basis-100\">\r\n                <!---->\r\n              <\/div>\r\n            <\/div>\r\n          <\/div>\r\n        <\/div>\r\n      <\/div>\r\n    <\/div>\r\n  <\/div>\r\n<\/div>","protected":false},"excerpt":{"rendered":"<p>O mnie \u015acie\u017cka Do Witalno\u015bci Prowadz\u0119 Warsztaty Witalne dla kobiet i m\u0119\u017cczyzn. Je\u017celi masz ochot\u0119 \u017cy\u0107 w pe\u0142ni. Je\u017celi masz chcesz ulepszy\u0107 swoj\u0105 codzienno\u015b\u0107. Podziel\u0119 si\u0119 z Tob\u0105 sprawdzonymi metodami dost\u0119pu do \u017cywotno\u015bci, wigoru i pasji. Witalno\u015b\u0107 to dla mnie stan bycia w swojej mocy, aktywno\u015bci i energii. To droga do samego siebie w najwy\u017cszej [&hellip;]<\/p>\n","protected":false},"author":1,"featured_media":0,"parent":0,"menu_order":0,"comment_status":"closed","ping_status":"closed","template":"page-templates\/full-width-page.php","meta":{"footnotes":""},"class_list":["post-1093","page","type-page","status-publish","hentry"],"jetpack_sharing_enabled":true,"_links":{"self":[{"href":"https:\/\/warsztatywitalne.pl\/index.php\/wp-json\/wp\/v2\/pages\/1093","targetHints":{"allow":["GET"]}}],"collection":[{"href":"https:\/\/warsztatywitalne.pl\/index.php\/wp-json\/wp\/v2\/pages"}],"about":[{"href":"https:\/\/warsztatywitalne.pl\/index.php\/wp-json\/wp\/v2\/types\/page"}],"author":[{"embeddable":true,"href":"https:\/\/warsztatywitalne.pl\/index.php\/wp-json\/wp\/v2\/users\/1"}],"replies":[{"embeddable":true,"href":"https:\/\/warsztatywitalne.pl\/index.php\/wp-json\/wp\/v2\/comments?post=1093"}],"version-history":[{"count":20,"href":"https:\/\/warsztatywitalne.pl\/index.php\/wp-json\/wp\/v2\/pages\/1093\/revisions"}],"predecessor-version":[{"id":1798,"href":"https:\/\/warsztatywitalne.pl\/index.php\/wp-json\/wp\/v2\/pages\/1093\/revisions\/1798"}],"wp:attachment":[{"href":"https:\/\/warsztatywitalne.pl\/index.php\/wp-json\/wp\/v2\/media?parent=1093"}],"curies":[{"name":"wp","href":"https:\/\/api.w.org\/{rel}","templated":true}]}}