{"id":4217,"date":"2022-07-24T19:08:16","date_gmt":"2022-07-24T17:08:16","guid":{"rendered":"https:\/\/warsztatywitalne.pl\/?post_type=product&#038;p=4217"},"modified":"2024-03-13T09:18:00","modified_gmt":"2024-03-13T07:18:00","slug":"warsztaty-technika-uwalniania","status":"publish","type":"product","link":"https:\/\/warsztatywitalne.pl\/index.php\/warsztaty-technika-uwalniania\/","title":{"rendered":"Warsztaty Technika Uwalniania &#8211; Witalny Inside"},"content":{"rendered":"<h2>Zapraszam Ciebie na wyj\u0105tkowe warsztaty, podczas kt\u00f3rych poznasz Technik\u0119 Uwalniania.<\/h2>\n<p>Mo\u017cliwe, \u017ce ju\u017c od d\u0142u\u017cszego czasu zastanawiasz si\u0119 jak mo\u017cesz trwale zmieni\u0107 swoje podej\u015bcie do \u017cycia<br \/>\ni do\u015bwiadczy\u0107 rado\u015bci oraz wewn\u0119trznego spokoju?\u00a0Je\u017celi chcesz uzdrowi\u0107 najwa\u017cniejsz\u0105 relacj\u0119 w \u017cyciu, relacj\u0119 z samym sob\u0105,<br \/>\nte Warsztaty s\u0105 dla Ciebie!<\/p>\n<p>David R. Hawkins to dr nauk medycznych, znany psychiatra, klinicysta, nauczyciel duchowy i wyk\u0142adowca.<br \/>\nSwoimi badaniami pokaza\u0142 nam, \u017ce \u015bwiadomo\u015b\u0107 mo\u017cna uj\u0105\u0107 liczbowo.<br \/>\nStworzy\u0142 spos\u00f3b kalibracji relatywnej prawdy, dzi\u0119ki kt\u00f3rej stanowiska intelektualne, wypowiedzi, czy ideologie mo\u017cna sklasyfikowa\u0107 na skali od 1 do 1000. Tak powsta\u0142a &#8220;Mapa Poziom\u00f3w \u015awiadomo\u015bci&#8221;.<br \/>\nNa tej mapie odnajdziemy punkt krytyczny na poziomie 200 ( Odwaga), jest to punkt r\u00f3wnowagi mi\u0119dzy pozytywnym a negatywnym oddzia\u0142ywaniem.<br \/>\nWszystkie postawy, my\u015bli, uczucia i zwi\u0105zki znajduj\u0105ce si\u0119 poni\u017cej tego poziomu sprawiaj\u0105, \u017ce osoba ulega os\u0142abieniu, natomiast wykalibrowane wy\u017cej j\u0105 wzmacniaj\u0105.<\/p>\n<h4>PODSTAWOWE WARSZTATY Z TECHNIKI UWALNIANIA WED\u0141UG DAVIDA R. HAWKINSA poprowadzi Aneta \u0141anocha:<\/h4>\n<p>Jest praktykiem, propagatorem i nauczycielem tej metody.<br \/>\nZg\u0142\u0119bia j\u0105 ponad 10 lat od Adama Krasowskiego i jest rekomendowana przez Niego do prowadzenia warsztat\u00f3w i indywidulanych konsultacji.<br \/>\nAneta \u0141anocha poka\u017ce Ci sens wzrastania, pi\u0119cia si\u0119 w g\u00f3r\u0119 mapy poziom\u00f3w \u015bwiadomo\u015bci.<\/p>\n<h3>Plan warsztat\u00f3w:<\/h3>\n<p>1. Czym jest Uwalnianie<br \/>\n2. Om\u00f3wienie mapy poziom\u00f3w \u015bwiadomo\u015bci<br \/>\n3. Czym jest ego.<br \/>\n4. Dlaczego to, kim jeste\u015bmy jest kluczowe ( schemat By\u0107 &gt; Robi\u0107 &gt; Mie\u0107)<br \/>\n5. Wybaczanie sobie i innym<br \/>\n6. Uwalnianie poczucia winy, wstydu, \u017calu, l\u0119ku.<br \/>\n7. Kasowanie fa\u0142szywych przekona\u0144 na temat siebie i innych.<\/p>\n<p>Na warsztacie Aneta opowie Tobie o Technice Uwalniania i jak zastosowa\u0107 j\u0105 w praktyce.<\/p>\n<h4>UWALNIANIE TO INACZEJ ZAPRZESTANIE T\u0141UMIENIA EMOCJI, KT\u00d3RE MAMY W SOBIE. TO ZAPRZESTANIE STAWIANIA OPORU TEMU, CO JEST &#8211; CZYLI TEMU, CO DO\u015aWIADCZAMY I CZUJEMY W DANEJ SYTUACJI.<\/h4>\n<p>Uwolnienie z jednoczesnym odpuszczeniem jest jak nag\u0142e pozbycie si\u0119 wewn\u0119trznego napi\u0119cia albo jak zrzucenie wewn\u0119trznego ci\u0119\u017caru. Towarzyszy mu natychmiastowa ulga i lekko\u015b\u0107 oraz poczucie wolno\u015bci i szcz\u0119\u015bcia.<\/p>\n<p>Je\u017celi masz ju\u017c dosy\u0107 u\u017cywania si\u0142y i chcesz odkry\u0107 moc w sobie, zapraszamy Ci\u0119 serdecznie!<\/p>\n<p>Termin: 1 pa\u017adziernika 2022r.<br \/>\ngodz. 11 &#8211; 15<\/p>\n<p>Miejsce: <a href=\"https:\/\/goo.gl\/maps\/4qUCdszb9NontTFr5\" target=\"_blank\" rel=\"noopener\">VR Inkubator Fa\u0142kowo<\/a><br \/>\nDojazd Fa\u0142kowo 1P, zjazd \u0141ubowo na trasie S5. p\u00f3\u0142 godziny od Poznania, 15 minut z Gniezna lub Pobiedzisk.<br \/>\nNa miejscu mamy wygodny parking.<\/p>\n<p>Inwestycja: 300z\u0142<\/p>\n<p><a href=\"https:\/\/warsztatywitalne.pl\/index.php\/warsztaty-zrealizowane\/\">Zobacz<\/a> poprzednie warsztaty jakie zrealizowa\u0142am<\/p>\n","protected":false},"excerpt":{"rendered":"<p>Zapraszam Ciebie na wyj\u0105tkowe warsztaty, podczas kt\u00f3rych poznasz Technik\u0119 Uwalniania. Mo\u017cliwe, \u017ce ju\u017c od d\u0142u\u017cszego czasu zastanawiasz si\u0119 jak mo\u017cesz trwale zmieni\u0107 swoje podej\u015bcie do \u017cycia i do\u015bwiadczy\u0107 rado\u015bci oraz wewn\u0119trznego spokoju?\u00a0Je\u017celi chcesz uzdrowi\u0107 najwa\u017cniejsz\u0105 relacj\u0119 w \u017cyciu, relacj\u0119 z samym sob\u0105, te Warsztaty s\u0105 dla Ciebie! David R. Hawkins to dr nauk medycznych, znany [&hellip;]<\/p>\n","protected":false},"featured_media":4218,"comment_status":"open","ping_status":"closed","template":"","meta":[],"product_brand":[],"product_cat":[23],"product_tag":[60,62,61,57,58,59],"class_list":{"0":"post-4217","1":"product","2":"type-product","3":"status-publish","4":"has-post-thumbnail","6":"product_cat-uncategorized","7":"product_tag-emocje","8":"product_tag-falkowo","9":"product_tag-psychika","10":"product_tag-warsztaty","11":"product_tag-warsztaty-witalne","12":"product_tag-zdrowie","14":"first","15":"outofstock","16":"virtual","17":"purchasable","18":"product-type-simple"},"jetpack_sharing_enabled":true,"_links":{"self":[{"href":"https:\/\/warsztatywitalne.pl\/index.php\/wp-json\/wp\/v2\/product\/4217","targetHints":{"allow":["GET"]}}],"collection":[{"href":"https:\/\/warsztatywitalne.pl\/index.php\/wp-json\/wp\/v2\/product"}],"about":[{"href":"https:\/\/warsztatywitalne.pl\/index.php\/wp-json\/wp\/v2\/types\/product"}],"replies":[{"embeddable":true,"href":"https:\/\/warsztatywitalne.pl\/index.php\/wp-json\/wp\/v2\/comments?post=4217"}],"wp:featuredmedia":[{"embeddable":true,"href":"https:\/\/warsztatywitalne.pl\/index.php\/wp-json\/wp\/v2\/media\/4218"}],"wp:attachment":[{"href":"https:\/\/warsztatywitalne.pl\/index.php\/wp-json\/wp\/v2\/media?parent=4217"}],"wp:term":[{"taxonomy":"product_brand","embeddable":true,"href":"https:\/\/warsztatywitalne.pl\/index.php\/wp-json\/wp\/v2\/product_brand?post=4217"},{"taxonomy":"product_cat","embeddable":true,"href":"https:\/\/warsztatywitalne.pl\/index.php\/wp-json\/wp\/v2\/product_cat?post=4217"},{"taxonomy":"product_tag","embeddable":true,"href":"https:\/\/warsztatywitalne.pl\/index.php\/wp-json\/wp\/v2\/product_tag?post=4217"}],"curies":[{"name":"wp","href":"https:\/\/api.w.org\/{rel}","templated":true}]}}