{"id":6773,"date":"2024-03-04T19:13:30","date_gmt":"2024-03-04T17:13:30","guid":{"rendered":"https:\/\/warsztatywitalne.pl\/?post_type=product&#038;p=6773"},"modified":"2025-06-17T22:32:42","modified_gmt":"2025-06-17T20:32:42","slug":"odkryj-moc-w-sobie","status":"publish","type":"product","link":"https:\/\/warsztatywitalne.pl\/index.php\/odkryj-moc-w-sobie\/","title":{"rendered":"Odkryj moc w sobie. Jak wzi\u0105\u0107 odpowiedzialno\u015b\u0107 i mie\u0107 efekty w \u017cyciu."},"content":{"rendered":"<h2>Warsztat: Odkryj moc w sobie. Jak wzi\u0105\u0107 odpowiedzialno\u015b\u0107 i mie\u0107 efekty w \u017cyciu.<\/h2>\n<div><\/div>\n<div class=\"xdj266r x11i5rnm xat24cr x1mh8g0r x1vvkbs\">Czy Twoje \u017cycie wygl\u0105da tak jak sobie \u017cyczysz?<br \/>\nD\u0142ugo ju\u017c zwlekasz z realizacj\u0105 marze\u0144?<br \/>\nMasz wra\u017cenie, \u017ce Twoja droga do celu si\u0119 wyd\u0142u\u017ca i tracisz koncentracj\u0119?<br \/>\nCzy potrafisz sobie przypomnie\u0107 uczucie wolno\u015bci i spokoju?<br \/>\nTwoje \u017cycie przypomina sinusoid\u0119 i pe\u0142no w nim emocjonalnych wzlot\u00f3w i upadk\u00f3w?<\/div>\n<div class=\"x11i5rnm xat24cr x1mh8g0r x1vvkbs xtlvy1s\">Zapraszam Ci\u0119 na wyj\u0105tkowe warsztaty &#8220;Odkryj moc w sobie. Jak wzi\u0105\u0107 odpowiedzialno\u015b\u0107 i mie\u0107 efekty.&#8221;<\/div>\n<div><\/div>\n<div class=\"x11i5rnm xat24cr x1mh8g0r x1vvkbs xtlvy1s\"><span class=\"x3nfvp2 x1j61x8r x1fcty0u xdj266r xhhsvwb xat24cr xgzva0m xxymvpz xlup9mm x1kky2od\"><img decoding=\"async\" class=\"xz74otr lazyload\" data-src=\"https:\/\/static.xx.fbcdn.net\/images\/emoji.php\/v9\/td8\/1.5\/16\/2714.png\" alt=\"\u2714\ufe0f\" width=\"16\" height=\"16\" src=\"data:image\/svg+xml;base64,PHN2ZyB3aWR0aD0iMSIgaGVpZ2h0PSIxIiB4bWxucz0iaHR0cDovL3d3dy53My5vcmcvMjAwMC9zdmciPjwvc3ZnPg==\" style=\"--smush-placeholder-width: 16px; --smush-placeholder-aspect-ratio: 16\/16;\" \/><\/span>\u00a0Odkryjesz jak wzi\u0105\u0107 pe\u0142n\u0105 odpowiedzialno\u015b\u0107 za swoje do\u015bwiadczenia i dokona\u0107 realnej zmiany w swoim \u017cyciu.<br \/>\n<span class=\"x3nfvp2 x1j61x8r x1fcty0u xdj266r xhhsvwb xat24cr xgzva0m xxymvpz xlup9mm x1kky2od\"><img decoding=\"async\" class=\"xz74otr lazyload\" data-src=\"https:\/\/static.xx.fbcdn.net\/images\/emoji.php\/v9\/td8\/1.5\/16\/2714.png\" alt=\"\u2714\ufe0f\" width=\"16\" height=\"16\" src=\"data:image\/svg+xml;base64,PHN2ZyB3aWR0aD0iMSIgaGVpZ2h0PSIxIiB4bWxucz0iaHR0cDovL3d3dy53My5vcmcvMjAwMC9zdmciPjwvc3ZnPg==\" style=\"--smush-placeholder-width: 16px; --smush-placeholder-aspect-ratio: 16\/16;\" \/><\/span>\u00a0Nauczysz si\u0119, \u017ce to, kim jeste\u015bmy na poziomie by\u0107, bezpo\u015brednio wp\u0142ywa na nasze dzia\u0142anie i posiadanie.<br \/>\n<span class=\"x3nfvp2 x1j61x8r x1fcty0u xdj266r xhhsvwb xat24cr xgzva0m xxymvpz xlup9mm x1kky2od\"><img decoding=\"async\" class=\"xz74otr lazyload\" data-src=\"https:\/\/static.xx.fbcdn.net\/images\/emoji.php\/v9\/td8\/1.5\/16\/2714.png\" alt=\"\u2714\ufe0f\" width=\"16\" height=\"16\" src=\"data:image\/svg+xml;base64,PHN2ZyB3aWR0aD0iMSIgaGVpZ2h0PSIxIiB4bWxucz0iaHR0cDovL3d3dy53My5vcmcvMjAwMC9zdmciPjwvc3ZnPg==\" style=\"--smush-placeholder-width: 16px; --smush-placeholder-aspect-ratio: 16\/16;\" \/><\/span>\u00a0Zmiana poziomu BY\u0106 to klucz do trwa\u0142ej zmiany w \u017cyciu.<\/div>\n<div class=\"x11i5rnm xat24cr x1mh8g0r x1vvkbs xtlvy1s\"><span class=\"x3nfvp2 x1j61x8r x1fcty0u xdj266r xhhsvwb xat24cr xgzva0m xxymvpz xlup9mm x1kky2od\"><img decoding=\"async\" class=\"xz74otr lazyload\" data-src=\"https:\/\/static.xx.fbcdn.net\/images\/emoji.php\/v9\/t3b\/1.5\/16\/2b50.png\" alt=\"\u2b50\ufe0f\" width=\"16\" height=\"16\" src=\"data:image\/svg+xml;base64,PHN2ZyB3aWR0aD0iMSIgaGVpZ2h0PSIxIiB4bWxucz0iaHR0cDovL3d3dy53My5vcmcvMjAwMC9zdmciPjwvc3ZnPg==\" style=\"--smush-placeholder-width: 16px; --smush-placeholder-aspect-ratio: 16\/16;\" \/><\/span>\u00a0Podczas warsztat\u00f3w zg\u0142\u0119bimy, jak obraz siebie w pod\u015bwiadomo\u015bci kszta\u0142tuje Twoj\u0105 to\u017csamo\u015b\u0107, dzia\u0142ania i posiadanie.<\/div>\n<div class=\"x11i5rnm xat24cr x1mh8g0r x1vvkbs xtlvy1s\"><span class=\"x3nfvp2 x1j61x8r x1fcty0u xdj266r xhhsvwb xat24cr xgzva0m xxymvpz xlup9mm x1kky2od\"><img decoding=\"async\" class=\"xz74otr lazyload\" data-src=\"https:\/\/static.xx.fbcdn.net\/images\/emoji.php\/v9\/t3b\/1.5\/16\/2b50.png\" alt=\"\u2b50\ufe0f\" width=\"16\" height=\"16\" src=\"data:image\/svg+xml;base64,PHN2ZyB3aWR0aD0iMSIgaGVpZ2h0PSIxIiB4bWxucz0iaHR0cDovL3d3dy53My5vcmcvMjAwMC9zdmciPjwvc3ZnPg==\" style=\"--smush-placeholder-width: 16px; --smush-placeholder-aspect-ratio: 16\/16;\" \/><\/span>\u00a0Zrozumiesz, czym s\u0105 przekonania i programy umys\u0142owe, kt\u00f3re ka\u017cdy z nas nosi w sobie, i jak one determinuj\u0105 nasze codzienne wybory oraz rezultaty.<\/div>\n<div class=\"x11i5rnm xat24cr x1mh8g0r x1vvkbs xtlvy1s\"><span class=\"x3nfvp2 x1j61x8r x1fcty0u xdj266r xhhsvwb xat24cr xgzva0m xxymvpz xlup9mm x1kky2od\"><img decoding=\"async\" class=\"xz74otr lazyload\" data-src=\"https:\/\/static.xx.fbcdn.net\/images\/emoji.php\/v9\/t3b\/1.5\/16\/2b50.png\" alt=\"\u2b50\ufe0f\" width=\"16\" height=\"16\" src=\"data:image\/svg+xml;base64,PHN2ZyB3aWR0aD0iMSIgaGVpZ2h0PSIxIiB4bWxucz0iaHR0cDovL3d3dy53My5vcmcvMjAwMC9zdmciPjwvc3ZnPg==\" style=\"--smush-placeholder-width: 16px; --smush-placeholder-aspect-ratio: 16\/16;\" \/><\/span>\u00a0Je\u015bli zastanawiasz si\u0119, dlaczego w pewnych obszarach \u017cycia utkn\u0119\u0142a\u015b w martwym punkcie i nie mo\u017cesz ruszy\u0107 do przodu,<br \/>\nje\u015bli pragniesz podnie\u015b\u0107 poziom swojej wewn\u0119trznej mocy \u2013 ten warsztat jest dla Ciebie.<\/div>\n<div class=\"x11i5rnm xat24cr x1mh8g0r x1vvkbs xtlvy1s\">Do\u0142\u0105cz do nas i zacznij podr\u00f3\u017c ku g\u0142\u0119bszemu zrozumieniu siebie, kt\u00f3ra umo\u017cliwi Ci osi\u0105gni\u0119cie po\u017c\u0105danych efekt\u00f3w w \u017cyciu.<\/div>\n<div class=\"x11i5rnm xat24cr x1mh8g0r x1vvkbs xtlvy1s\">Serdecznie zapraszam na warsztat, kt\u00f3ry mo\u017ce by\u0107 pocz\u0105tkiem Twojej transformacji.<\/div>\n<div class=\"x11i5rnm xat24cr x1mh8g0r x1vvkbs xtlvy1s\">Warsztat b\u0119dzie mia\u0142 charakter praktyczny, powi\u0105zany z introspekcj\u0105 czyli \u0107wiczeniami pozwalaj\u0105cymi na wewn\u0119trzny wgl\u0105d.<\/div>\n<h5 class=\"x11i5rnm xat24cr x1mh8g0r x1vvkbs xtlvy1s\">Prowadz\u0105ca:<\/h5>\n<p class=\"x11i5rnm xat24cr x1mh8g0r x1vvkbs xtlvy1s\">Aneta \u0141anocha &#8211; od ponad 10 lat praktyk Techniki Uwalniania dr Davida Hawkinsa. Jedyna w Polsce osoba rekomendowana przez Adama Krasowskiego do prowadzenia sesji indywidualnych<br \/>\ni warsztat\u00f3w.<br \/>\nPrzeprowadzi\u0142a ponad 3500 spotka\u0144 oraz ponad 40 warsztat\u00f3w. Cieszy si\u0119 uznaniem i rekomendacjami swoich podopiecznych. Dzieli si\u0119 swoim do\u015bwiadczeniem i wie jak pom\u00f3c innym, aby mogli pom\u00f3c sobie w odzyskaniu wewn\u0119trznej mocy i sprawczo\u015bci poprzez transformacj\u0119 poziomu BY\u0106 w ka\u017cdej sferze \u017cycia. Aneta uczy akceptacji, wybaczenia oraz jak zaprzesta\u0107 obwiniania siebie i innych za to, czego do\u015bwiadczamy w swojej rzeczywisto\u015bci.<\/p>\n<h4 class=\"x11i5rnm xat24cr x1mh8g0r x1vvkbs xtlvy1s\">Kiedy:<\/h4>\n<p class=\"x11i5rnm xat24cr x1mh8g0r x1vvkbs xtlvy1s\">13 kwietnia godz. 11 &#8211; 18<br \/>\nW trakcie warsztatu mamy dla Ciebie przerw\u0119 kawow\u0105 i dwudaniowy lunch.<\/p>\n<h4 class=\"x11i5rnm xat24cr x1mh8g0r x1vvkbs xtlvy1s\">Gdzie:<\/h4>\n<div class=\"x11i5rnm xat24cr x1mh8g0r x1vvkbs xtlvy1s\">ul. Polska 15 Pozna\u0144 BusinessWell Centrum Us\u0142ug dla Biznesu.<\/div>\n<div class=\"x11i5rnm xat24cr x1mh8g0r x1vvkbs xtlvy1s\">Mamy dla Ciebie komfortow\u0105 przestrze\u0144 i nowoczesn\u0105 sal\u0105.<br \/>\nB\u0119dzie bardzo wygodnie i zadbamy o Twoj\u0105 wygod\u0119.<\/div>\n<div class=\"x11i5rnm xat24cr x1mh8g0r x1vvkbs xtlvy1s\">Parking: w cenie biletu<\/div>\n<h4 class=\"x11i5rnm xat24cr x1mh8g0r x1vvkbs xtlvy1s\">Inwestycja:<\/h4>\n<div class=\"x11i5rnm xat24cr x1mh8g0r x1vvkbs xtlvy1s\">pojedynczy bilety &#8211; 450 z\u0142<br \/>\ncena dla dwojga od &#8211; 850 z\u0142<\/div>\n<div class=\"x11i5rnm xat24cr x1mh8g0r x1vvkbs xtlvy1s\"><\/div>\n<div class=\"x11i5rnm xat24cr x1mh8g0r x1vvkbs xtlvy1s\">Kontakt z organizatork\u0105:<br \/>\nMa\u0142gorzata Ba\u0142\u0119czna &#8211; Nowacka tel. 530 822 256<\/div>\n<div class=\"x11i5rnm xat24cr x1mh8g0r x1vvkbs xtlvy1s\">Serdecznie zapraszamy\u00a0<span class=\"x3nfvp2 x1j61x8r x1fcty0u xdj266r xhhsvwb xat24cr xgzva0m xxymvpz xlup9mm x1kky2od\"><img decoding=\"async\" class=\"xz74otr lazyload\" data-src=\"https:\/\/static.xx.fbcdn.net\/images\/emoji.php\/v9\/tf3\/1.5\/16\/2764.png\" alt=\"\u2764\ufe0f\" width=\"16\" height=\"16\" src=\"data:image\/svg+xml;base64,PHN2ZyB3aWR0aD0iMSIgaGVpZ2h0PSIxIiB4bWxucz0iaHR0cDovL3d3dy53My5vcmcvMjAwMC9zdmciPjwvc3ZnPg==\" style=\"--smush-placeholder-width: 16px; --smush-placeholder-aspect-ratio: 16\/16;\" \/><\/span><\/div>\n","protected":false},"excerpt":{"rendered":"<p>Warsztat: Odkryj moc w sobie. Jak wzi\u0105\u0107 odpowiedzialno\u015b\u0107 i mie\u0107 efekty w \u017cyciu. Czy Twoje \u017cycie wygl\u0105da tak jak sobie \u017cyczysz? D\u0142ugo ju\u017c zwlekasz z realizacj\u0105 marze\u0144? Masz wra\u017cenie, \u017ce Twoja droga do celu si\u0119 wyd\u0142u\u017ca i tracisz koncentracj\u0119? Czy potrafisz sobie przypomnie\u0107 uczucie wolno\u015bci i spokoju? Twoje \u017cycie przypomina sinusoid\u0119 i pe\u0142no w nim [&hellip;]<\/p>\n","protected":false},"featured_media":6792,"comment_status":"open","ping_status":"closed","template":"","meta":[],"product_brand":[],"product_cat":[23],"product_tag":[],"class_list":{"0":"post-6773","1":"product","2":"type-product","3":"status-publish","4":"has-post-thumbnail","6":"product_cat-uncategorized","8":"first","9":"instock","10":"shipping-taxable","11":"purchasable","12":"product-type-variable"},"jetpack_sharing_enabled":true,"_links":{"self":[{"href":"https:\/\/warsztatywitalne.pl\/index.php\/wp-json\/wp\/v2\/product\/6773","targetHints":{"allow":["GET"]}}],"collection":[{"href":"https:\/\/warsztatywitalne.pl\/index.php\/wp-json\/wp\/v2\/product"}],"about":[{"href":"https:\/\/warsztatywitalne.pl\/index.php\/wp-json\/wp\/v2\/types\/product"}],"replies":[{"embeddable":true,"href":"https:\/\/warsztatywitalne.pl\/index.php\/wp-json\/wp\/v2\/comments?post=6773"}],"wp:featuredmedia":[{"embeddable":true,"href":"https:\/\/warsztatywitalne.pl\/index.php\/wp-json\/wp\/v2\/media\/6792"}],"wp:attachment":[{"href":"https:\/\/warsztatywitalne.pl\/index.php\/wp-json\/wp\/v2\/media?parent=6773"}],"wp:term":[{"taxonomy":"product_brand","embeddable":true,"href":"https:\/\/warsztatywitalne.pl\/index.php\/wp-json\/wp\/v2\/product_brand?post=6773"},{"taxonomy":"product_cat","embeddable":true,"href":"https:\/\/warsztatywitalne.pl\/index.php\/wp-json\/wp\/v2\/product_cat?post=6773"},{"taxonomy":"product_tag","embeddable":true,"href":"https:\/\/warsztatywitalne.pl\/index.php\/wp-json\/wp\/v2\/product_tag?post=6773"}],"curies":[{"name":"wp","href":"https:\/\/api.w.org\/{rel}","templated":true}]}}